{"id":15154,"date":"2025-08-30T13:48:20","date_gmt":"2025-08-30T13:48:20","guid":{"rendered":"https:\/\/trodeworldwide.com\/?page_id=15154"},"modified":"2025-08-30T14:02:10","modified_gmt":"2025-08-30T14:02:10","slug":"on-01","status":"publish","type":"page","link":"https:\/\/trodeworldwide.com\/vi\/on-01\/","title":{"rendered":"on 01"},"content":{"rendered":"\t\t<div data-elementor-type=\"wp-page\" data-elementor-id=\"15154\" class=\"elementor elementor-15154\" data-elementor-post-type=\"page\">\n\t\t\t\t<div class=\"elementor-element elementor-element-f92b53f e-con-full e-flex wpr-particle-no wpr-jarallax-no wpr-parallax-no wpr-sticky-section-no wpr-equal-height-no e-con e-parent\" data-id=\"f92b53f\" data-element_type=\"container\" data-e-type=\"container\">\n\t\t\t\t<div class=\"elementor-element elementor-element-9b78342 elementor-widget elementor-widget-heading\" data-id=\"9b78342\" data-element_type=\"widget\" data-e-type=\"widget\" data-widget_type=\"heading.default\">\n\t\t\t\t\t<h2 class=\"elementor-heading-title elementor-size-default\">On  01 COllection<\/h2>\t\t\t\t<\/div>\n\t\t\t\t<\/div>\n\t\t<div class=\"elementor-element elementor-element-97a1c57 e-con-full elementor-hidden-desktop elementor-hidden-laptop elementor-hidden-tablet e-flex wpr-particle-no wpr-jarallax-no wpr-parallax-no wpr-sticky-section-no wpr-equal-height-no e-con e-parent\" data-id=\"97a1c57\" data-element_type=\"container\" data-e-type=\"container\" data-settings=\"{&quot;background_background&quot;:&quot;classic&quot;}\">\n\t\t\t\t<div class=\"elementor-element elementor-element-33cd08d elementor-align-center elementor-mobile-align-right elementor-widget elementor-widget-button\" data-id=\"33cd08d\" data-element_type=\"widget\" data-e-type=\"widget\" data-widget_type=\"button.default\">\n\t\t\t\t\t\t\t\t\t\t<a class=\"elementor-button elementor-button-link elementor-size-sm\" href=\"https:\/\/trodeworldwide.com\/on-01\/\">\n\t\t\t\t\t\t<span class=\"elementor-button-content-wrapper\">\n\t\t\t\t\t\t\t\t\t<span class=\"elementor-button-text\">Shop Now<\/span>\n\t\t\t\t\t<\/span>\n\t\t\t\t\t<\/a>\n\t\t\t\t\t\t\t\t<\/div>\n\t\t\t\t<\/div>\n\t\t<div class=\"elementor-element elementor-element-b56607c e-con-full e-flex wpr-particle-no wpr-jarallax-no wpr-parallax-no wpr-sticky-section-no wpr-equal-height-no e-con e-parent\" data-id=\"b56607c\" data-element_type=\"container\" data-e-type=\"container\">\n\t\t\t\t<div class=\"elementor-element elementor-element-9c5e09c elementor-widget elementor-widget-shortcode\" data-id=\"9c5e09c\" data-element_type=\"widget\" data-e-type=\"widget\" data-widget_type=\"shortcode.default\">\n\t\t\t\t\t\t\t<div class=\"elementor-shortcode\"><div class=\"woocommerce columns-4 \"><div class=\"woocommerce-notices-wrapper\"><\/div><p class=\"woocommerce-result-count\" role=\"alert\" aria-relevant=\"all\" >\n\tHi\u1ec3n th\u1ecb t\u1ea5t c\u1ea3 5 k\u1ebft qu\u1ea3<\/p>\n<form class=\"woocommerce-ordering\" method=\"get\">\n\t\t<select\n\t\tname=\"orderby\"\n\t\tclass=\"orderby\"\n\t\t\t\t\taria-label=\"\u0110\u01a1n h\u00e0ng c\u1ee7a c\u1eeda h\u00e0ng\"\n\t\t\t>\n\t\t\t\t\t<option value=\"menu_order\"  selected='selected'>Th\u1ee9 t\u1ef1 m\u1eb7c \u0111\u1ecbnh<\/option>\n\t\t\t\t\t<option value=\"popularity\" >Th\u1ee9 t\u1ef1 theo m\u1ee9c \u0111\u1ed9 ph\u1ed5 bi\u1ebfn<\/option>\n\t\t\t\t\t<option value=\"rating\" >Th\u1ee9 t\u1ef1 theo \u0111i\u1ec3m \u0111\u00e1nh gi\u00e1<\/option>\n\t\t\t\t\t<option value=\"date\" >M\u1edbi nh\u1ea5t<\/option>\n\t\t\t\t\t<option value=\"price\" >Th\u1ee9 t\u1ef1 theo gi\u00e1: th\u1ea5p \u0111\u1ebfn cao<\/option>\n\t\t\t\t\t<option value=\"price-desc\" >Th\u1ee9 t\u1ef1 theo gi\u00e1: cao xu\u1ed1ng th\u1ea5p<\/option>\n\t\t\t<\/select>\n\t<input type=\"hidden\" name=\"paged\" value=\"1\" \/>\n\t<\/form>\n<ul class=\"products columns-4\">\n<li class=\"product type-product post-14989 status-publish first instock product_cat-collection-01 product_cat-tank-top product_cat-top has-post-thumbnail taxable shipping-taxable purchasable product-type-variable\">\n\t<a href=\"https:\/\/trodeworldwide.com\/vi\/san-pham\/pleated-back-tanktop\/\" class=\"woocommerce-LoopProduct-link woocommerce-loop-product__link\"><img fetchpriority=\"high\" decoding=\"async\" width=\"2000\" height=\"2500\" src=\"https:\/\/trodeworldwide.com\/wp-content\/uploads\/2025\/08\/18-1.jpg\" class=\"attachment-woocommerce_thumbnail size-woocommerce_thumbnail\" alt=\"PLEATED BACK TANKTOP\" \/><h2 class=\"woocommerce-loop-product__title\">PLEATED BACK TANKTOP<\/h2>\n\t<span class=\"price\"><span class=\"wcpbc-price wcpbc-price-14989\" data-product-id=\"14989\"><span class=\"woocommerce-Price-amount amount\"><bdi>380.000&nbsp;<span class=\"woocommerce-Price-currencySymbol\">&#8363;<\/span><\/bdi><\/span><\/span><\/span>\n<span class=\"dgqa-loop-data\" data-dgqa-loop-data=\"{&quot;productId&quot;:14989,&quot;images&quot;:[&quot;https:\\\/\\\/trodeworldwide.com\\\/wp-content\\\/uploads\\\/2025\\\/08\\\/18-1.jpg&quot;,&quot;https:\\\/\\\/trodeworldwide.com\\\/wp-content\\\/uploads\\\/2025\\\/08\\\/19-1.jpg&quot;,&quot;https:\\\/\\\/trodeworldwide.com\\\/wp-content\\\/uploads\\\/2025\\\/08\\\/18.png&quot;],&quot;soldOut&quot;:false}\" style=\"display:none !important;\"><\/span><\/a><a href=\"https:\/\/trodeworldwide.com\/vi\/san-pham\/pleated-back-tanktop\/\" aria-describedby=\"woocommerce_loop_add_to_cart_link_describedby_14989\" data-quantity=\"1\" class=\"button product_type_variable add_to_cart_button cfvsw_ajax_add_to_cart\" data-product_id=\"14989\" data-product_sku=\"\" aria-label=\"L\u1ef1a ch\u1ecdn cho &ldquo;PLEATED BACK TANKTOP&rdquo;\" rel=\"nofollow\" data-add_to_cart_text=\"Add to Cart\" data-select_options_text=\"L\u1ef1a ch\u1ecdn t\u00f9y ch\u1ecdn\">L\u1ef1a ch\u1ecdn t\u00f9y ch\u1ecdn<\/a>\t<span id=\"woocommerce_loop_add_to_cart_link_describedby_14989\" class=\"screen-reader-text\">\n\t\tS\u1ea3n ph\u1ea9m n\u00e0y c\u00f3 nhi\u1ec1u bi\u1ebfn th\u1ec3. C\u00e1c t\u00f9y ch\u1ecdn c\u00f3 th\u1ec3 \u0111\u01b0\u1ee3c ch\u1ecdn tr\u00ean trang s\u1ea3n ph\u1ea9m\t<\/span>\n<\/li>\n<li class=\"product type-product post-14975 status-publish instock product_cat-best-seller product_cat-collection-01 product_cat-new-arrivals product_cat-sale product_cat-shirt product_cat-top has-post-thumbnail taxable shipping-taxable purchasable product-type-variable\">\n\t<a href=\"https:\/\/trodeworldwide.com\/vi\/san-pham\/pocket-cut-out-short-sleeve-shirt\/\" class=\"woocommerce-LoopProduct-link woocommerce-loop-product__link\"><img decoding=\"async\" width=\"2000\" height=\"2500\" src=\"https:\/\/trodeworldwide.com\/wp-content\/uploads\/2025\/08\/35-1.jpg\" class=\"attachment-woocommerce_thumbnail size-woocommerce_thumbnail\" alt=\"POCKET CUT-OUT SHORT SLEEVE SHIRT\" \/><h2 class=\"woocommerce-loop-product__title\">POCKET CUT-OUT SHORT SLEEVE SHIRT<\/h2>\n\t<span class=\"price\"><span class=\"wcpbc-price wcpbc-price-14975\" data-product-id=\"14975\"><span class=\"woocommerce-Price-amount amount\"><bdi>450.000&nbsp;<span class=\"woocommerce-Price-currencySymbol\">&#8363;<\/span><\/bdi><\/span><\/span><\/span>\n<span class=\"dgqa-loop-data\" data-dgqa-loop-data=\"{&quot;productId&quot;:14975,&quot;images&quot;:[&quot;https:\\\/\\\/trodeworldwide.com\\\/wp-content\\\/uploads\\\/2025\\\/08\\\/35-1.jpg&quot;,&quot;https:\\\/\\\/trodeworldwide.com\\\/wp-content\\\/uploads\\\/2025\\\/08\\\/36-1.jpg&quot;,&quot;https:\\\/\\\/trodeworldwide.com\\\/wp-content\\\/uploads\\\/2025\\\/08\\\/37.png&quot;],&quot;soldOut&quot;:false}\" style=\"display:none !important;\"><\/span><\/a><a href=\"https:\/\/trodeworldwide.com\/vi\/san-pham\/pocket-cut-out-short-sleeve-shirt\/\" aria-describedby=\"woocommerce_loop_add_to_cart_link_describedby_14975\" data-quantity=\"1\" class=\"button product_type_variable add_to_cart_button cfvsw_ajax_add_to_cart\" data-product_id=\"14975\" data-product_sku=\"\" aria-label=\"L\u1ef1a ch\u1ecdn cho &ldquo;POCKET CUT-OUT SHORT SLEEVE SHIRT&rdquo;\" rel=\"nofollow\" data-add_to_cart_text=\"Add to Cart\" data-select_options_text=\"L\u1ef1a ch\u1ecdn t\u00f9y ch\u1ecdn\">L\u1ef1a ch\u1ecdn t\u00f9y ch\u1ecdn<\/a>\t<span id=\"woocommerce_loop_add_to_cart_link_describedby_14975\" class=\"screen-reader-text\">\n\t\tS\u1ea3n ph\u1ea9m n\u00e0y c\u00f3 nhi\u1ec1u bi\u1ebfn th\u1ec3. C\u00e1c t\u00f9y ch\u1ecdn c\u00f3 th\u1ec3 \u0111\u01b0\u1ee3c ch\u1ecdn tr\u00ean trang s\u1ea3n ph\u1ea9m\t<\/span>\n<\/li>\n<li class=\"product type-product post-14983 status-publish instock product_cat-collection-01 product_cat-new-arrivals product_cat-sale product_cat-top has-post-thumbnail taxable shipping-taxable purchasable product-type-variable\">\n\t<a href=\"https:\/\/trodeworldwide.com\/vi\/san-pham\/on-01-varsity-jacket\/\" class=\"woocommerce-LoopProduct-link woocommerce-loop-product__link\"><img decoding=\"async\" width=\"2000\" height=\"2500\" src=\"https:\/\/trodeworldwide.com\/wp-content\/uploads\/2025\/08\/33-1.jpg\" class=\"attachment-woocommerce_thumbnail size-woocommerce_thumbnail\" alt=\"ON 01 VARSITY JACKET\" \/><h2 class=\"woocommerce-loop-product__title\">ON 01 VARSITY JACKET<\/h2>\n\t<span class=\"price\"><span class=\"wcpbc-price wcpbc-price-14983\" data-product-id=\"14983\"><span class=\"woocommerce-Price-amount amount\"><bdi>1.100.000&nbsp;<span class=\"woocommerce-Price-currencySymbol\">&#8363;<\/span><\/bdi><\/span><\/span><\/span>\n<span class=\"dgqa-loop-data\" data-dgqa-loop-data=\"{&quot;productId&quot;:14983,&quot;images&quot;:[&quot;https:\\\/\\\/trodeworldwide.com\\\/wp-content\\\/uploads\\\/2025\\\/08\\\/33-1.jpg&quot;,&quot;https:\\\/\\\/trodeworldwide.com\\\/wp-content\\\/uploads\\\/2025\\\/08\\\/32-2.jpg&quot;,&quot;https:\\\/\\\/trodeworldwide.com\\\/wp-content\\\/uploads\\\/2025\\\/08\\\/32-1.jpg&quot;,&quot;https:\\\/\\\/trodeworldwide.com\\\/wp-content\\\/uploads\\\/2025\\\/08\\\/33-2.jpg&quot;,&quot;https:\\\/\\\/trodeworldwide.com\\\/wp-content\\\/uploads\\\/2025\\\/08\\\/64.jpg&quot;,&quot;https:\\\/\\\/trodeworldwide.com\\\/wp-content\\\/uploads\\\/2025\\\/08\\\/65.jpg&quot;],&quot;soldOut&quot;:false}\" style=\"display:none !important;\"><\/span><\/a><a href=\"https:\/\/trodeworldwide.com\/vi\/san-pham\/on-01-varsity-jacket\/\" aria-describedby=\"woocommerce_loop_add_to_cart_link_describedby_14983\" data-quantity=\"1\" class=\"button product_type_variable add_to_cart_button cfvsw_ajax_add_to_cart\" data-product_id=\"14983\" data-product_sku=\"\" aria-label=\"L\u1ef1a ch\u1ecdn cho &ldquo;ON 01 VARSITY JACKET&rdquo;\" rel=\"nofollow\" data-add_to_cart_text=\"Add to Cart\" data-select_options_text=\"L\u1ef1a ch\u1ecdn t\u00f9y ch\u1ecdn\">L\u1ef1a ch\u1ecdn t\u00f9y ch\u1ecdn<\/a>\t<span id=\"woocommerce_loop_add_to_cart_link_describedby_14983\" class=\"screen-reader-text\">\n\t\tS\u1ea3n ph\u1ea9m n\u00e0y c\u00f3 nhi\u1ec1u bi\u1ebfn th\u1ec3. C\u00e1c t\u00f9y ch\u1ecdn c\u00f3 th\u1ec3 \u0111\u01b0\u1ee3c ch\u1ecdn tr\u00ean trang s\u1ea3n ph\u1ea9m\t<\/span>\n<\/li>\n<li class=\"product type-product post-14979 status-publish last instock product_cat-best-seller product_cat-collection-01 product_cat-hoodie product_cat-new-arrivals product_cat-top has-post-thumbnail taxable shipping-taxable purchasable product-type-variable\">\n\t<a href=\"https:\/\/trodeworldwide.com\/vi\/san-pham\/embroidered-logo-zip-up-hoodie\/\" class=\"woocommerce-LoopProduct-link woocommerce-loop-product__link\"><img loading=\"lazy\" decoding=\"async\" width=\"2000\" height=\"2500\" src=\"https:\/\/trodeworldwide.com\/wp-content\/uploads\/2025\/08\/NEW.jpg\" class=\"attachment-woocommerce_thumbnail size-woocommerce_thumbnail\" alt=\"Jeat Zip-Up Hoodie\" \/><h2 class=\"woocommerce-loop-product__title\">Jeat Zip-Up Hoodie<\/h2>\n\t<span class=\"price\"><span class=\"wcpbc-price wcpbc-price-14979\" data-product-id=\"14979\"><span class=\"woocommerce-Price-amount amount\"><bdi>680.000&nbsp;<span class=\"woocommerce-Price-currencySymbol\">&#8363;<\/span><\/bdi><\/span><\/span><\/span>\n<span class=\"dgqa-loop-data\" data-dgqa-loop-data=\"{&quot;productId&quot;:14979,&quot;images&quot;:[&quot;https:\\\/\\\/trodeworldwide.com\\\/wp-content\\\/uploads\\\/2025\\\/08\\\/NEW.jpg&quot;,&quot;https:\\\/\\\/trodeworldwide.com\\\/wp-content\\\/uploads\\\/2025\\\/08\\\/11.jpg&quot;,&quot;https:\\\/\\\/trodeworldwide.com\\\/wp-content\\\/uploads\\\/2025\\\/08\\\/12.jpg&quot;,&quot;https:\\\/\\\/trodeworldwide.com\\\/wp-content\\\/uploads\\\/2025\\\/08\\\/13.jpg&quot;,&quot;https:\\\/\\\/trodeworldwide.com\\\/wp-content\\\/uploads\\\/2025\\\/08\\\/14.jpg&quot;,&quot;https:\\\/\\\/trodeworldwide.com\\\/wp-content\\\/uploads\\\/2025\\\/08\\\/15.jpg&quot;,&quot;https:\\\/\\\/trodeworldwide.com\\\/wp-content\\\/uploads\\\/2025\\\/08\\\/16.jpg&quot;,&quot;https:\\\/\\\/trodeworldwide.com\\\/wp-content\\\/uploads\\\/2025\\\/08\\\/17.jpg&quot;],&quot;soldOut&quot;:false}\" style=\"display:none !important;\"><\/span><\/a><a href=\"https:\/\/trodeworldwide.com\/vi\/san-pham\/embroidered-logo-zip-up-hoodie\/\" aria-describedby=\"woocommerce_loop_add_to_cart_link_describedby_14979\" data-quantity=\"1\" class=\"button product_type_variable add_to_cart_button cfvsw_ajax_add_to_cart\" data-product_id=\"14979\" data-product_sku=\"\" aria-label=\"L\u1ef1a ch\u1ecdn cho &ldquo;Jeat Zip-Up Hoodie&rdquo;\" rel=\"nofollow\" data-add_to_cart_text=\"Add to Cart\" data-select_options_text=\"L\u1ef1a ch\u1ecdn t\u00f9y ch\u1ecdn\">L\u1ef1a ch\u1ecdn t\u00f9y ch\u1ecdn<\/a>\t<span id=\"woocommerce_loop_add_to_cart_link_describedby_14979\" class=\"screen-reader-text\">\n\t\tS\u1ea3n ph\u1ea9m n\u00e0y c\u00f3 nhi\u1ec1u bi\u1ebfn th\u1ec3. C\u00e1c t\u00f9y ch\u1ecdn c\u00f3 th\u1ec3 \u0111\u01b0\u1ee3c ch\u1ecdn tr\u00ean trang s\u1ea3n ph\u1ea9m\t<\/span>\n<\/li>\n<li class=\"product type-product post-14988 status-publish first instock product_cat-bottom product_cat-collection-01 product_cat-new-arrivals product_cat-pants product_cat-sale has-post-thumbnail taxable shipping-taxable purchasable product-type-variable\">\n\t<a href=\"https:\/\/trodeworldwide.com\/vi\/san-pham\/jeat-pants\/\" class=\"woocommerce-LoopProduct-link woocommerce-loop-product__link\"><img loading=\"lazy\" decoding=\"async\" width=\"2000\" height=\"2500\" src=\"https:\/\/trodeworldwide.com\/wp-content\/uploads\/2025\/08\/THAY.jpg\" class=\"attachment-woocommerce_thumbnail size-woocommerce_thumbnail\" alt=\"JEAT PANTS\" \/><h2 class=\"woocommerce-loop-product__title\">JEAT PANTS<\/h2>\n\t<span class=\"price\"><span class=\"wcpbc-price wcpbc-price-14988\" data-product-id=\"14988\"><span class=\"woocommerce-Price-amount amount\"><bdi>695.000&nbsp;<span class=\"woocommerce-Price-currencySymbol\">&#8363;<\/span><\/bdi><\/span><\/span><\/span>\n<span class=\"dgqa-loop-data\" data-dgqa-loop-data=\"{&quot;productId&quot;:14988,&quot;images&quot;:[&quot;https:\\\/\\\/trodeworldwide.com\\\/wp-content\\\/uploads\\\/2025\\\/08\\\/THAY.jpg&quot;,&quot;https:\\\/\\\/trodeworldwide.com\\\/wp-content\\\/uploads\\\/2025\\\/08\\\/20.jpg&quot;,&quot;https:\\\/\\\/trodeworldwide.com\\\/wp-content\\\/uploads\\\/2025\\\/08\\\/14-1.jpg&quot;,&quot;https:\\\/\\\/trodeworldwide.com\\\/wp-content\\\/uploads\\\/2025\\\/08\\\/15-1.jpg&quot;],&quot;soldOut&quot;:false}\" style=\"display:none !important;\"><\/span><\/a><a href=\"https:\/\/trodeworldwide.com\/vi\/san-pham\/jeat-pants\/\" aria-describedby=\"woocommerce_loop_add_to_cart_link_describedby_14988\" data-quantity=\"1\" class=\"button product_type_variable add_to_cart_button cfvsw_ajax_add_to_cart\" data-product_id=\"14988\" data-product_sku=\"\" aria-label=\"L\u1ef1a ch\u1ecdn cho &ldquo;JEAT PANTS&rdquo;\" rel=\"nofollow\" data-add_to_cart_text=\"Add to Cart\" data-select_options_text=\"L\u1ef1a ch\u1ecdn t\u00f9y ch\u1ecdn\">L\u1ef1a ch\u1ecdn t\u00f9y ch\u1ecdn<\/a>\t<span id=\"woocommerce_loop_add_to_cart_link_describedby_14988\" class=\"screen-reader-text\">\n\t\tS\u1ea3n ph\u1ea9m n\u00e0y c\u00f3 nhi\u1ec1u bi\u1ebfn th\u1ec3. C\u00e1c t\u00f9y ch\u1ecdn c\u00f3 th\u1ec3 \u0111\u01b0\u1ee3c ch\u1ecdn tr\u00ean trang s\u1ea3n ph\u1ea9m\t<\/span>\n<\/li>\n<\/ul>\n<\/div>\n<\/div>\n\t\t\t\t\t\t<\/div>\n\t\t\t\t<\/div>\n\t\t\t\t<\/div>\n\t\t","protected":false},"excerpt":{"rendered":"<p>On 01 COllection Shop Now<\/p>","protected":false},"author":1,"featured_media":0,"parent":0,"menu_order":0,"comment_status":"closed","ping_status":"closed","template":"elementor_canvas","meta":{"footnotes":""},"class_list":["post-15154","page","type-page","status-publish","hentry"],"_links":{"self":[{"href":"https:\/\/trodeworldwide.com\/vi\/wp-json\/wp\/v2\/pages\/15154","targetHints":{"allow":["GET"]}}],"collection":[{"href":"https:\/\/trodeworldwide.com\/vi\/wp-json\/wp\/v2\/pages"}],"about":[{"href":"https:\/\/trodeworldwide.com\/vi\/wp-json\/wp\/v2\/types\/page"}],"author":[{"embeddable":true,"href":"https:\/\/trodeworldwide.com\/vi\/wp-json\/wp\/v2\/users\/1"}],"replies":[{"embeddable":true,"href":"https:\/\/trodeworldwide.com\/vi\/wp-json\/wp\/v2\/comments?post=15154"}],"version-history":[{"count":13,"href":"https:\/\/trodeworldwide.com\/vi\/wp-json\/wp\/v2\/pages\/15154\/revisions"}],"predecessor-version":[{"id":15181,"href":"https:\/\/trodeworldwide.com\/vi\/wp-json\/wp\/v2\/pages\/15154\/revisions\/15181"}],"wp:attachment":[{"href":"https:\/\/trodeworldwide.com\/vi\/wp-json\/wp\/v2\/media?parent=15154"}],"curies":[{"name":"wp","href":"https:\/\/api.w.org\/{rel}","templated":true}]}}