{"id":13861,"date":"2025-07-18T13:24:27","date_gmt":"2025-07-18T13:24:27","guid":{"rendered":"https:\/\/trodeworldwide.com\/?post_type=product&#038;p=13861"},"modified":"2026-05-01T00:01:57","modified_gmt":"2026-05-01T00:01:57","slug":"side-button-cami-top","status":"publish","type":"product","link":"https:\/\/trodeworldwide.com\/vi\/san-pham\/side-button-cami-top\/","title":{"rendered":"Side Button Cami Top"},"content":{"rendered":"<p>&#8211; Material: 100% ribbed cotton with 4-way stretch<\/p>\n<p>- M\u00c0U S\u1eaeC: TR\u1eaeNG \/ XANH MATCHA<\/p>\n<p>&#8211; Fit: Slim Fit<\/p>\n<p>CHI TI\u1ebeT:<\/p>\n<p>- CH\u1eee TH\u00caU 2d NGAY NG\u1ef0C TR\u00c1I V\u00c0 TH\u00c2N SAU<\/p>\n<p>&#8211; Three snap buttons on one side at the front<\/p>\n<p>- \u0110\u01af\u1edcNG R\u00c3 CH\u1ea0Y NGANG NG\u1ef0C<\/p>\n<p>Note: product color may vary slightly from photos due to lighting conditions.<\/p>","protected":false},"excerpt":{"rendered":"<p><a href=\"https:\/\/trodeworldwide.com\/wp-content\/uploads\/2025\/07\/Hinh-5-4.jpg\"><img fetchpriority=\"high\" decoding=\"async\" class=\"alignnone wp-image-16301 size-full\" src=\"https:\/\/trodeworldwide.com\/wp-content\/uploads\/2025\/07\/Hinh-5-4.jpg\" alt=\"\" width=\"2000\" height=\"1125\" srcset=\"https:\/\/trodeworldwide.com\/wp-content\/uploads\/2025\/07\/Hinh-5-4.jpg 2000w, https:\/\/trodeworldwide.com\/wp-content\/uploads\/2025\/07\/Hinh-5-4-300x169.jpg 300w, https:\/\/trodeworldwide.com\/wp-content\/uploads\/2025\/07\/Hinh-5-4-1024x576.jpg 1024w, https:\/\/trodeworldwide.com\/wp-content\/uploads\/2025\/07\/Hinh-5-4-768x432.jpg 768w, https:\/\/trodeworldwide.com\/wp-content\/uploads\/2025\/07\/Hinh-5-4-1536x864.jpg 1536w, https:\/\/trodeworldwide.com\/wp-content\/uploads\/2025\/07\/Hinh-5-4-18x10.jpg 18w, https:\/\/trodeworldwide.com\/wp-content\/uploads\/2025\/07\/Hinh-5-4-600x338.jpg 600w, https:\/\/trodeworldwide.com\/wp-content\/uploads\/2025\/07\/Hinh-5-4-64x36.jpg 64w\" sizes=\"(max-width: 2000px) 100vw, 2000px\" \/><\/a><\/p>","protected":false},"featured_media":15057,"comment_status":"open","ping_status":"closed","template":"","meta":[],"product_brand":[],"product_cat":[257,273,285,67],"product_tag":[],"product_collection":[],"class_list":{"0":"post-13861","1":"product","2":"type-product","3":"status-publish","4":"has-post-thumbnail","6":"product_cat-cami","7":"product_cat-dear-humans","8":"product_cat-sale","9":"product_cat-top","10":"pa_color-matcha","11":"pa_color-white","12":"pa_size-m","13":"pa_size-s","15":"first","16":"instock","17":"taxable","18":"shipping-taxable","19":"purchasable","20":"product-type-variable"},"_links":{"self":[{"href":"https:\/\/trodeworldwide.com\/vi\/wp-json\/wp\/v2\/product\/13861","targetHints":{"allow":["GET"]}}],"collection":[{"href":"https:\/\/trodeworldwide.com\/vi\/wp-json\/wp\/v2\/product"}],"about":[{"href":"https:\/\/trodeworldwide.com\/vi\/wp-json\/wp\/v2\/types\/product"}],"replies":[{"embeddable":true,"href":"https:\/\/trodeworldwide.com\/vi\/wp-json\/wp\/v2\/comments?post=13861"}],"wp:featuredmedia":[{"embeddable":true,"href":"https:\/\/trodeworldwide.com\/vi\/wp-json\/wp\/v2\/media\/15057"}],"wp:attachment":[{"href":"https:\/\/trodeworldwide.com\/vi\/wp-json\/wp\/v2\/media?parent=13861"}],"wp:term":[{"taxonomy":"product_brand","embeddable":true,"href":"https:\/\/trodeworldwide.com\/vi\/wp-json\/wp\/v2\/product_brand?post=13861"},{"taxonomy":"product_cat","embeddable":true,"href":"https:\/\/trodeworldwide.com\/vi\/wp-json\/wp\/v2\/product_cat?post=13861"},{"taxonomy":"product_tag","embeddable":true,"href":"https:\/\/trodeworldwide.com\/vi\/wp-json\/wp\/v2\/product_tag?post=13861"},{"taxonomy":"product_collection","embeddable":true,"href":"https:\/\/trodeworldwide.com\/vi\/wp-json\/wp\/v2\/product_collection?post=13861"}],"curies":[{"name":"wp","href":"https:\/\/api.w.org\/{rel}","templated":true}]}}