{"id":14979,"date":"2025-08-21T13:44:34","date_gmt":"2025-08-21T13:44:34","guid":{"rendered":"https:\/\/trodeworldwide.com\/?post_type=product&#038;p=14979"},"modified":"2026-05-08T06:13:40","modified_gmt":"2026-05-08T06:13:40","slug":"embroidered-logo-zip-up-hoodie","status":"publish","type":"product","link":"https:\/\/trodeworldwide.com\/vi\/san-pham\/embroidered-logo-zip-up-hoodie\/","title":{"rendered":"\u00c1o Hoodie Jeat Kho\u00e1 K\u00e9o"},"content":{"rendered":"<p>&#8211; Material: 100% cotton terry<\/p>\n<p>&#8211; Colors: Washed Grey<\/p>\n<p>&#8211; Fit: Oversized Boxy<\/p>\n<p>CHI TI\u1ebeT:<\/p>\n<p>&#8211; Washed cotton terry jacket in a jeans-grey tone<br \/>\n&#8211; Appliqu\u00e9 logo at the center front<br \/>\n&#8211; Panel seam detailing at the front<br \/>\n&#8211; Functional front pockets<br \/>\n&#8211; Two-way zipper<br \/>\n&#8211; Green leather TRODE patch at the back<\/p>\n<p>Note: product color may vary slightly from photos due to lighting conditions.<\/p>","protected":false},"excerpt":{"rendered":"<p><a href=\"https:\/\/trodeworldwide.com\/wp-content\/uploads\/2025\/08\/Hinh-7-4.jpg\"><img fetchpriority=\"high\" decoding=\"async\" class=\"alignnone size-full wp-image-16313\" src=\"https:\/\/trodeworldwide.com\/wp-content\/uploads\/2025\/08\/Hinh-7-4.jpg\" alt=\"\" width=\"2000\" height=\"1125\" srcset=\"https:\/\/trodeworldwide.com\/wp-content\/uploads\/2025\/08\/Hinh-7-4.jpg 2000w, https:\/\/trodeworldwide.com\/wp-content\/uploads\/2025\/08\/Hinh-7-4-300x169.jpg 300w, https:\/\/trodeworldwide.com\/wp-content\/uploads\/2025\/08\/Hinh-7-4-1024x576.jpg 1024w, https:\/\/trodeworldwide.com\/wp-content\/uploads\/2025\/08\/Hinh-7-4-768x432.jpg 768w, https:\/\/trodeworldwide.com\/wp-content\/uploads\/2025\/08\/Hinh-7-4-1536x864.jpg 1536w, https:\/\/trodeworldwide.com\/wp-content\/uploads\/2025\/08\/Hinh-7-4-18x10.jpg 18w, https:\/\/trodeworldwide.com\/wp-content\/uploads\/2025\/08\/Hinh-7-4-600x338.jpg 600w, https:\/\/trodeworldwide.com\/wp-content\/uploads\/2025\/08\/Hinh-7-4-64x36.jpg 64w\" sizes=\"(max-width: 2000px) 100vw, 2000px\" \/><\/a><\/p>","protected":false},"featured_media":15019,"comment_status":"open","ping_status":"closed","template":"","meta":[],"product_brand":[],"product_cat":[256,269,260,267,67],"product_tag":[],"product_collection":[],"class_list":{"0":"post-14979","1":"product","2":"type-product","3":"status-publish","4":"has-post-thumbnail","6":"product_cat-best-seller","7":"product_cat-collection-01","8":"product_cat-hoodie","9":"product_cat-new-arrivals","10":"product_cat-top","11":"pa_size-l","12":"pa_size-m","13":"pa_size-s","15":"first","16":"instock","17":"taxable","18":"shipping-taxable","19":"purchasable","20":"product-type-variable"},"_links":{"self":[{"href":"https:\/\/trodeworldwide.com\/vi\/wp-json\/wp\/v2\/product\/14979","targetHints":{"allow":["GET"]}}],"collection":[{"href":"https:\/\/trodeworldwide.com\/vi\/wp-json\/wp\/v2\/product"}],"about":[{"href":"https:\/\/trodeworldwide.com\/vi\/wp-json\/wp\/v2\/types\/product"}],"replies":[{"embeddable":true,"href":"https:\/\/trodeworldwide.com\/vi\/wp-json\/wp\/v2\/comments?post=14979"}],"wp:featuredmedia":[{"embeddable":true,"href":"https:\/\/trodeworldwide.com\/vi\/wp-json\/wp\/v2\/media\/15019"}],"wp:attachment":[{"href":"https:\/\/trodeworldwide.com\/vi\/wp-json\/wp\/v2\/media?parent=14979"}],"wp:term":[{"taxonomy":"product_brand","embeddable":true,"href":"https:\/\/trodeworldwide.com\/vi\/wp-json\/wp\/v2\/product_brand?post=14979"},{"taxonomy":"product_cat","embeddable":true,"href":"https:\/\/trodeworldwide.com\/vi\/wp-json\/wp\/v2\/product_cat?post=14979"},{"taxonomy":"product_tag","embeddable":true,"href":"https:\/\/trodeworldwide.com\/vi\/wp-json\/wp\/v2\/product_tag?post=14979"},{"taxonomy":"product_collection","embeddable":true,"href":"https:\/\/trodeworldwide.com\/vi\/wp-json\/wp\/v2\/product_collection?post=14979"}],"curies":[{"name":"wp","href":"https:\/\/api.w.org\/{rel}","templated":true}]}}