{"id":14983,"date":"2025-08-21T13:49:04","date_gmt":"2025-08-21T13:49:04","guid":{"rendered":"https:\/\/trodeworldwide.com\/?post_type=product&#038;p=14983"},"modified":"2026-05-01T00:01:57","modified_gmt":"2026-05-01T00:01:57","slug":"on-01-varsity-jacket","status":"publish","type":"product","link":"https:\/\/trodeworldwide.com\/vi\/san-pham\/on-01-varsity-jacket\/","title":{"rendered":"\u00c1o kho\u00e1c Varsity ON 01"},"content":{"rendered":"<p>&#8211; Material: Khaki and PU leather<\/p>\n<p>&#8211; Color: Pine Green<\/p>\n<p>&#8211; Fit: Relaxed Fit<\/p>\n<p>CHI TI\u1ebeT:<\/p>\n<p>&#8211; PU leather collar and sleeves<\/p>\n<p>- N\u00fat b\u1ea5m kim lo\u1ea1i<\/p>\n<p>&#8211; Chenille embroidery on the sleeve and at the front on the right side of the jacket<\/p>\n<p>&#8211; 2D embroidery at the front and back<\/p>\n<p>- T\u00daI \u00c1O 2 B\u00caN V\u00c0 1 T\u00daI \u1ea8N B\u00caN TRONG TH\u00c2N \u00c1O<\/p>\n<p>&#8211; Breathable, wind-resistant inner lining<br \/>\nNote: product color may vary slightly from photos due to lighting conditions.<\/p>","protected":false},"excerpt":{"rendered":"<p><a href=\"https:\/\/trodeworldwide.com\/wp-content\/uploads\/2025\/08\/Hinh-7-3.jpg\"><img fetchpriority=\"high\" decoding=\"async\" class=\"alignnone size-full wp-image-16311\" src=\"https:\/\/trodeworldwide.com\/wp-content\/uploads\/2025\/08\/Hinh-7-3.jpg\" alt=\"\" width=\"2000\" height=\"1125\" srcset=\"https:\/\/trodeworldwide.com\/wp-content\/uploads\/2025\/08\/Hinh-7-3.jpg 2000w, https:\/\/trodeworldwide.com\/wp-content\/uploads\/2025\/08\/Hinh-7-3-300x169.jpg 300w, https:\/\/trodeworldwide.com\/wp-content\/uploads\/2025\/08\/Hinh-7-3-1024x576.jpg 1024w, https:\/\/trodeworldwide.com\/wp-content\/uploads\/2025\/08\/Hinh-7-3-768x432.jpg 768w, https:\/\/trodeworldwide.com\/wp-content\/uploads\/2025\/08\/Hinh-7-3-1536x864.jpg 1536w, https:\/\/trodeworldwide.com\/wp-content\/uploads\/2025\/08\/Hinh-7-3-18x10.jpg 18w, https:\/\/trodeworldwide.com\/wp-content\/uploads\/2025\/08\/Hinh-7-3-600x338.jpg 600w, https:\/\/trodeworldwide.com\/wp-content\/uploads\/2025\/08\/Hinh-7-3-64x36.jpg 64w\" sizes=\"(max-width: 2000px) 100vw, 2000px\" \/><\/a><\/p>","protected":false},"featured_media":14951,"comment_status":"open","ping_status":"closed","template":"","meta":[],"product_brand":[],"product_cat":[269,267,285,67],"product_tag":[],"product_collection":[],"class_list":{"0":"post-14983","1":"product","2":"type-product","3":"status-publish","4":"has-post-thumbnail","6":"product_cat-collection-01","7":"product_cat-new-arrivals","8":"product_cat-sale","9":"product_cat-top","10":"pa_size-l","11":"pa_size-m","13":"first","14":"instock","15":"taxable","16":"shipping-taxable","17":"purchasable","18":"product-type-variable"},"_links":{"self":[{"href":"https:\/\/trodeworldwide.com\/vi\/wp-json\/wp\/v2\/product\/14983","targetHints":{"allow":["GET"]}}],"collection":[{"href":"https:\/\/trodeworldwide.com\/vi\/wp-json\/wp\/v2\/product"}],"about":[{"href":"https:\/\/trodeworldwide.com\/vi\/wp-json\/wp\/v2\/types\/product"}],"replies":[{"embeddable":true,"href":"https:\/\/trodeworldwide.com\/vi\/wp-json\/wp\/v2\/comments?post=14983"}],"wp:featuredmedia":[{"embeddable":true,"href":"https:\/\/trodeworldwide.com\/vi\/wp-json\/wp\/v2\/media\/14951"}],"wp:attachment":[{"href":"https:\/\/trodeworldwide.com\/vi\/wp-json\/wp\/v2\/media?parent=14983"}],"wp:term":[{"taxonomy":"product_brand","embeddable":true,"href":"https:\/\/trodeworldwide.com\/vi\/wp-json\/wp\/v2\/product_brand?post=14983"},{"taxonomy":"product_cat","embeddable":true,"href":"https:\/\/trodeworldwide.com\/vi\/wp-json\/wp\/v2\/product_cat?post=14983"},{"taxonomy":"product_tag","embeddable":true,"href":"https:\/\/trodeworldwide.com\/vi\/wp-json\/wp\/v2\/product_tag?post=14983"},{"taxonomy":"product_collection","embeddable":true,"href":"https:\/\/trodeworldwide.com\/vi\/wp-json\/wp\/v2\/product_collection?post=14983"}],"curies":[{"name":"wp","href":"https:\/\/api.w.org\/{rel}","templated":true}]}}